{"id":229310,"date":"2025-08-22T09:59:18","date_gmt":"2025-08-22T07:59:18","guid":{"rendered":"https:\/\/www.mercure-hotel-muenchen-sued-messe.de\/lage-anfahrt\/"},"modified":"2025-08-22T09:59:30","modified_gmt":"2025-08-22T07:59:30","slug":"lage-anfahrt","status":"publish","type":"page","link":"https:\/\/mercuremuenchen.eventhotels.biz\/en\/lage-anfahrt\/","title":{"rendered":"Location &amp; approach"},"content":{"rendered":"<p>[et_pb_section fb_built=&#8221;1&#8243; module_id=&#8221;contact&#8221; _builder_version=&#8221;4.18.0&#8243; _module_preset=&#8221;default&#8221; custom_padding=&#8221;||2px|||&#8221; locked=&#8221;off&#8221; global_colors_info=&#8221;{}&#8221;][et_pb_row use_custom_gutter=&#8221;on&#8221; gutter_width=&#8221;1&#8243; module_id=&#8221;Lage&#8221; _builder_version=&#8221;4.18.0&#8243; _module_preset=&#8221;08cd6cc7-d325-4b57-99ca-17eb280ee2d4&#8243; width=&#8221;90%&#8221; max_width=&#8221;90%&#8221; global_colors_info=&#8221;{}&#8221;][et_pb_column type=&#8221;4_4&#8243; _builder_version=&#8221;4.17.6&#8243; _module_preset=&#8221;default&#8221; global_colors_info=&#8221;{}&#8221;][et_pb_map address=&#8221;Karl-Marx-Ring 87, 81735 M\u00fcnchen, Germany&#8221; address_lat=&#8221;48.1022239&#8243; address_lng=&#8221;11.6597212&#8243; mouse_wheel=&#8221;off&#8221; use_grayscale_filter=&#8221;on&#8221; grayscale_filter_amount=&#8221;90%&#8221; _builder_version=&#8221;4.19.5&#8243; _module_preset=&#8221;default&#8221; min_height=&#8221;440px&#8221; custom_margin=&#8221;||87px||false|false&#8221; custom_padding=&#8221;||0px||false|false&#8221; global_colors_info=&#8221;{}&#8221;][et_pb_map_pin title=&#8221;Mercure Hotel M\u00fcnchen S\u00fcd Messe&#8221; pin_address=&#8221;Karl-Marx-Ring 87, 81735 M\u00fcnchen, Germany&#8221; zoom_level=&#8221;14&#8243; pin_address_lat=&#8221;48.1022239&#8243; pin_address_lng=&#8221;11.6597212&#8243; _builder_version=&#8221;4.19.5&#8243; _module_preset=&#8221;default&#8221; global_colors_info=&#8221;{}&#8221;][\/et_pb_map_pin][\/et_pb_map][et_pb_text _builder_version=&#8221;4.19.5&#8243; _module_preset=&#8221;default&#8221; text_font=&#8221;||||||||&#8221; text_text_color=&#8221;#000000&#8243; header_font=&#8221;Jost|200|||||||&#8221; header_text_align=&#8221;center&#8221; header_font_size=&#8221;3vw&#8221; header_line_height=&#8221;1.1em&#8221; header_2_font=&#8221;Jost||||||||&#8221; header_2_text_align=&#8221;center&#8221; header_2_font_size=&#8221;2vw&#8221; header_2_line_height=&#8221;1.1em&#8221; text_orientation=&#8221;center&#8221; width_tablet=&#8221;80%&#8221; width_phone=&#8221;&#8221; width_last_edited=&#8221;on|tablet&#8221; module_alignment=&#8221;center&#8221; custom_padding=&#8221;0px|||10px|false|false&#8221; text_font_size_tablet=&#8221;2.5vw&#8221; text_font_size_phone=&#8221;5vw&#8221; text_font_size_last_edited=&#8221;off|phone&#8221; global_colors_info=&#8221;{}&#8221;]Mercure Hotel M\u00fcnchen S\u00fcd Messe| Karl-Marx-Ring 87 | 81735 Munich, Germany | <a href=\"https:\/\/www.google.com\/maps\/place\/Mercure+Hotel+M%C3%BCnchen+S%C3%BCd+Messe\/@48.1023788,11.6594959,15z\/data=!4m9!3m8!1s0x479de06bf5602d1d:0x9394b935886e37d!5m2!4m1!1i2!8m2!3d48.1023788!4d11.6594959!16s%2Fg%2F1tg392ck?coh=164777&amp;entry=tt\" target=\"_blank\" rel=\"noopener\"><strong>Calculate route \u2192<\/strong><\/a>[\/et_pb_text][\/et_pb_column][\/et_pb_row][\/et_pb_section][et_pb_section fb_built=&#8221;1&#8243; custom_padding_last_edited=&#8221;on|phone&#8221; _builder_version=&#8221;4.20.2&#8243; _module_preset=&#8221;default&#8221; custom_padding=&#8221;||||false|false&#8221; custom_padding_tablet=&#8221;||||false|false&#8221; custom_padding_phone=&#8221;||0px||false|false&#8221; locked=&#8221;off&#8221; global_colors_info=&#8221;{}&#8221;][et_pb_row _builder_version=&#8221;4.20.2&#8243; _module_preset=&#8221;c57cdff0-9cea-414b-adf3-1667625a0ce9&#8243; width=&#8221;90%&#8221; locked=&#8221;off&#8221; global_colors_info=&#8221;{}&#8221;][et_pb_column type=&#8221;4_4&#8243; _builder_version=&#8221;4.17.6&#8243; _module_preset=&#8221;default&#8221; global_colors_info=&#8221;{}&#8221;][dsm_breadcrumbs home_icon=&#8221;&#xe0e3;||divi||400&#8243; align=&#8221;center&#8221; items_padding=&#8221;|0px|0px|0px|false|false&#8221; _builder_version=&#8221;4.20.2&#8243; _module_preset=&#8221;default&#8221; items_font=&#8221;Jost|300|||||||&#8221; items_text_color=&#8221;#000000&#8243; items_font_size=&#8221;18px&#8221; items_line_height=&#8221;1.2em&#8221; home_icon_text_color=&#8221;#000000&#8243; current_font=&#8221;Jost|300|||||||&#8221; current_text_color=&#8221;#000000&#8243; current_font_size=&#8221;18px&#8221; current_line_height=&#8221;1.2em&#8221; items_font_size_tablet=&#8221;14px&#8221; items_font_size_phone=&#8221;&#8221; items_font_size_last_edited=&#8221;on|tablet&#8221; current_font_size_tablet=&#8221;14px&#8221; current_font_size_phone=&#8221;&#8221; current_font_size_last_edited=&#8221;on|tablet&#8221; global_colors_info=&#8221;{}&#8221;][\/dsm_breadcrumbs][et_pb_text content_last_edited=&#8221;off|desktop&#8221; _builder_version=&#8221;4.26.0&#8243; _module_preset=&#8221;default&#8221; text_font=&#8221;||||||||&#8221; header_text_align=&#8221;center&#8221; header_2_font=&#8221;||||||||&#8221; header_2_text_align=&#8221;center&#8221; custom_margin=&#8221;||5px||false|false&#8221; custom_padding=&#8221;||||false|false&#8221; custom_padding_tablet=&#8221;&#8221; custom_padding_phone=&#8221;5px||||false|false&#8221; custom_padding_last_edited=&#8221;on|phone&#8221; header_font_size_tablet=&#8221;6vw&#8221; header_font_size_phone=&#8221;7vw&#8221; header_font_size_last_edited=&#8221;off|desktop&#8221; header_2_font_size_tablet=&#8221;3vw&#8221; header_2_font_size_phone=&#8221;6vw&#8221; header_2_font_size_last_edited=&#8221;off|desktop&#8221; global_colors_info=&#8221;{}&#8221;]<\/p>\n<h1>Top location and easy access in the center of Munich<\/h1>\n<p>[\/et_pb_text][et_pb_text content_tablet=&#8221;<\/p>\n<h1>Meeting &amp; conference rooms at the Radisson Blu Hotel Leipzig<\/h1>\n<h2>Write a success story with an event at the Radisson Blu Hotel Leipzig<\/h2>\n<p>&#8221; content_phone=&#8221;<\/p>\n<h1>Rooms and suites at the Radisson Blu Hotel Leipzig<\/h1>\n<\/p>\n<h2>Modern accommodation in the center of Leipzig<\/h2>\n<p>&#8221; content_last_edited=&#8221;off|desktop&#8221; _builder_version=&#8221;4.26.0&#8243; _module_preset=&#8221;default&#8221; text_font=&#8221;||||||||&#8221; header_text_align=&#8221;center&#8221; header_2_font=&#8221;||||||||&#8221; header_2_text_align=&#8221;center&#8221; custom_margin=&#8221;||5px||false|false&#8221; custom_padding=&#8221;||||false|false&#8221; custom_padding_tablet=&#8221;&#8221; custom_padding_phone=&#8221;5px||||false|false&#8221; custom_padding_last_edited=&#8221;on|phone&#8221; header_font_size_tablet=&#8221;6vw&#8221; header_font_size_phone=&#8221;7vw&#8221; header_font_size_last_edited=&#8221;off|desktop&#8221; header_2_font_size_tablet=&#8221;3vw&#8221; header_2_font_size_phone=&#8221;6vw&#8221; header_2_font_size_last_edited=&#8221;off|desktop&#8221; global_colors_info=&#8221;{}&#8221;]<\/p>\n<h2>exclusive location &amp; approach<\/h2>\n<p>[\/et_pb_text][\/et_pb_column][\/et_pb_row][et_pb_row _builder_version=&#8221;4.20.2&#8243; _module_preset=&#8221;c57cdff0-9cea-414b-adf3-1667625a0ce9&#8243; width=&#8221;90%&#8221; locked=&#8221;off&#8221; global_colors_info=&#8221;{}&#8221;][et_pb_column type=&#8221;4_4&#8243; _builder_version=&#8221;4.17.6&#8243; _module_preset=&#8221;default&#8221; global_colors_info=&#8221;{}&#8221;][et_pb_text _builder_version=&#8221;4.20.2&#8243; _module_preset=&#8221;default&#8221; text_font=&#8221;|300|||||||&#8221; text_text_color=&#8221;#000000&#8243; header_font=&#8221;|200|||||||&#8221; header_text_align=&#8221;center&#8221; header_font_size=&#8221;3vw&#8221; header_line_height=&#8221;1.1em&#8221; header_2_font=&#8221;Jost||||||||&#8221; header_2_text_align=&#8221;center&#8221; header_2_font_size=&#8221;2vw&#8221; header_2_line_height=&#8221;1.1em&#8221; text_orientation=&#8221;center&#8221; width=&#8221;80%&#8221; width_tablet=&#8221;80%&#8221; width_phone=&#8221;100%&#8221; width_last_edited=&#8221;on|phone&#8221; module_alignment=&#8221;center&#8221; custom_padding=&#8221;||||false|false&#8221; custom_padding_tablet=&#8221;50px||||false|false&#8221; custom_padding_phone=&#8221;15px|0px||0px|false|true&#8221; custom_padding_last_edited=&#8221;on|phone&#8221; global_colors_info=&#8221;{}&#8221;]<\/p>\n<p>The Mercure Hotel M\u00fcnchen S\u00fcd Messe is located on the south-eastern outskirts of the Bavarian capital of Munich, close to the Munich Trade Fair and the headquarters of numerous large companies. The hotel is surrounded by generously planned, urban residential and office buildings, fields and forest. The hotel with its prime location near the Munich Trade Fair is easily accessible via the A8 highway.  <\/p>\n<p>[\/et_pb_text][et_pb_text disabled_on=&#8221;on|off|off&#8221; _builder_version=&#8221;4.20.2&#8243; _module_preset=&#8221;default&#8221; text_font=&#8221;|300|||||||&#8221; text_text_color=&#8221;#000000&#8243; header_font=&#8221;|200|||||||&#8221; header_text_align=&#8221;center&#8221; header_font_size=&#8221;3vw&#8221; header_line_height=&#8221;1.1em&#8221; header_2_font=&#8221;Jost||||||||&#8221; header_2_text_align=&#8221;center&#8221; header_2_font_size=&#8221;2vw&#8221; header_2_line_height=&#8221;1.1em&#8221; text_orientation=&#8221;center&#8221; width=&#8221;80%&#8221; width_tablet=&#8221;80%&#8221; width_phone=&#8221;100%&#8221; width_last_edited=&#8221;on|phone&#8221; module_alignment=&#8221;center&#8221; custom_padding=&#8221;||||false|false&#8221; custom_padding_tablet=&#8221;50px||||false|false&#8221; custom_padding_phone=&#8221;15px|0px||0px|false|true&#8221; custom_padding_last_edited=&#8221;on|phone&#8221; global_colors_info=&#8221;{}&#8221;]<\/p>\n<p>Munich Airport MUC is approx. 50 minutes away by <a href=\"#taxi\" title=\"Arrival by cab\">cab<\/a>, Munich Central Station is approx. 30 minutes away and Munich city center can be reached by <a href=\"#auto\" title=\"Arrival by car\">car<\/a> in approx. 20 minutes. <a href=\"#bahn\" title=\"All information about traveling by train and bus\">Public transport<\/a> connects the hotel directly with Munich city center via the &#8220;Hugo-Lang-Bogen&#8221; bus stop, which is approx. 200 m away, and the &#8220;Quiddestra\u00dfe&#8221; subway station, which is approx. 1.5 km away. <\/p>\n<p>[\/et_pb_text][\/et_pb_column][\/et_pb_row][et_pb_row column_structure=&#8221;1_3,1_3,1_3&#8243; _builder_version=&#8221;4.20.2&#8243; _module_preset=&#8221;c57cdff0-9cea-414b-adf3-1667625a0ce9&#8243; width=&#8221;90%&#8221; locked=&#8221;off&#8221; global_colors_info=&#8221;{}&#8221;][et_pb_column type=&#8221;1_3&#8243; _builder_version=&#8221;4.17.6&#8243; _module_preset=&#8221;default&#8221; global_colors_info=&#8221;{}&#8221;][et_pb_toggle title=&#8221;Arrival by car&#8221; open_toggle_text_color=&#8221;#000000&#8243; open_toggle_background_color=&#8221;#FFFFFF&#8221; closed_toggle_background_color=&#8221;#FFFFFF&#8221; icon_color=&#8221;#000000&#8243; toggle_icon=&#8221;&#xe044;||divi||400&#8243; use_icon_font_size=&#8221;on&#8221; icon_font_size=&#8221;26px&#8221; open_icon_color=&#8221;#000000&#8243; open_toggle_icon=&#8221;&#xe043;||divi||400&#8243; open_use_icon_font_size=&#8221;on&#8221; open_icon_font_size=&#8221;26px&#8221; module_id=&#8221;auto&#8221; _builder_version=&#8221;4.27.4&#8243; _module_preset=&#8221;default&#8221; title_text_color=&#8221;#000000&#8243; title_level=&#8221;h4&#8243; title_font=&#8221;|||on|||||&#8221; title_text_align=&#8221;center&#8221; body_font=&#8221;|300|||||||&#8221; body_text_align=&#8221;center&#8221; body_text_color=&#8221;#000000&#8243; background_color=&#8221;RGBA(255,255,255,0)&#8221; module_alignment=&#8221;center&#8221; custom_margin=&#8221;40px||||false|false&#8221; custom_padding=&#8221;||||false|false&#8221; hover_enabled=&#8221;0&#8243; title_font_size_tablet=&#8221;3vw&#8221; title_font_size_phone=&#8221;4vw&#8221; title_font_size_last_edited=&#8221;off|desktop&#8221; closed_title_font_size_tablet=&#8221;18px&#8221; closed_title_font_size_phone=&#8221;16px&#8221; closed_title_font_size_last_edited=&#8221;off|tablet&#8221; body_font_size_tablet=&#8221;2.5vw&#8221; body_font_size_phone=&#8221;5vw&#8221; body_font_size_last_edited=&#8221;off|desktop&#8221; border_color_all=&#8221;#000000&#8243; locked=&#8221;off&#8221; global_colors_info=&#8221;{}&#8221; sticky_enabled=&#8221;0&#8243;]<\/p>\n<p>Parking: Underground parking garage Mercure Hotel M\u00fcnchen S\u00fcd Messe<br \/>Directions: Karl-Marx-Ring 87, 81735 M\u00fcnchen<br \/>Prices: 20\u20ac per night<\/p>\n<p><strong>FROM ALL DIRECTIONS<\/strong><\/p>\n<p>Leave the A8 at junction 92a M\u00fcnchen-Perlach in the direction of M\u00fcnchen-Perlach\/M\u00fcnchen-Neuperlach and continue straight ahead on St\u00e4ndlerstra\u00dfe. Drive along St\u00e4ndlerstra\u00dfe to the end and then turn left onto Karl-Marx-Ring. The hotel is about 100m further on the right-hand side. For the hotel&#8217;s underground parking garage, turn right into the street in front of the hotel and follow the signs to the left.   <\/p>\n<p>[\/et_pb_toggle][\/et_pb_column][et_pb_column type=&#8221;1_3&#8243; _builder_version=&#8221;4.17.6&#8243; _module_preset=&#8221;default&#8221; global_colors_info=&#8221;{}&#8221;][et_pb_toggle title=&#8221;Arrival by bus &amp; train&#8221; open_toggle_text_color=&#8221;#000000&#8243; open_toggle_background_color=&#8221;#FFFFFF&#8221; closed_toggle_background_color=&#8221;#FFFFFF&#8221; icon_color=&#8221;#000000&#8243; toggle_icon=&#8221;&#xe044;||divi||400&#8243; use_icon_font_size=&#8221;on&#8221; icon_font_size=&#8221;26px&#8221; open_icon_color=&#8221;#000000&#8243; open_toggle_icon=&#8221;&#xe043;||divi||400&#8243; open_use_icon_font_size=&#8221;on&#8221; open_icon_font_size=&#8221;26px&#8221; module_id=&#8221;bahn&#8221; _builder_version=&#8221;4.20.2&#8243; _module_preset=&#8221;default&#8221; title_text_color=&#8221;#000000&#8243; title_level=&#8221;h4&#8243; title_font=&#8221;|||on|||||&#8221; title_text_align=&#8221;center&#8221; body_font=&#8221;|300|||||||&#8221; body_text_align=&#8221;center&#8221; body_text_color=&#8221;#000000&#8243; background_color=&#8221;RGBA(255,255,255,0)&#8221; module_alignment=&#8221;center&#8221; custom_margin=&#8221;40px||||false|false&#8221; custom_padding=&#8221;||||false|false&#8221; title_font_size_tablet=&#8221;3vw&#8221; title_font_size_phone=&#8221;4vw&#8221; title_font_size_last_edited=&#8221;off|desktop&#8221; closed_title_font_size_tablet=&#8221;18px&#8221; closed_title_font_size_phone=&#8221;16px&#8221; closed_title_font_size_last_edited=&#8221;off|tablet&#8221; body_font_size_tablet=&#8221;2.5vw&#8221; body_font_size_phone=&#8221;5vw&#8221; body_font_size_last_edited=&#8221;off|desktop&#8221; border_color_all=&#8221;#000000&#8243; locked=&#8221;off&#8221; global_colors_info=&#8221;{}&#8221;]<\/p>\n<p><strong>FROM Munich Airport<\/strong><\/p>\n<p>From Munich Airport Terminal station, take the S-Bahn line S8 towards Herrsching and travel nine stops to M\u00fcnchen-Ost station. Change here to the subway station on line U5. Take the U5 in the direction of Neuperlach S\u00fcd for three stops to Quiddestra\u00dfe station and change here to the bus stop. Bus line 197 in the direction of Neuperlach Zentrum will take you to the Hugo-Lang-Bogen bus stop in four stops. From here it is only approx. 170m to the hotel. The total travel time is approx. 60 minutes.     <\/p>\n<p><strong>FROM Munich Central Station<\/strong><\/p>\n<p>At Munich Central Station, change to the subway station on line U5. Take the U5 in the direction of Neuperlach S\u00fcd for eight stops to Quiddestra\u00dfe station and change here to the bus stop. Bus line 197 in the direction of Neuperlach Zentrum will take you to the Hugo-Lang-Bogen bus stop in four stops. From here it is only approx. 170m to the hotel. The total travel time is approx. 35 minutes.    <\/p>\n<p><strong>FROM Munich ZOB<\/strong><\/p>\n<p>Go to Munich Central Station and change to the subway station on the U5 line. Take the U5 in the direction of Neuperlach S\u00fcd for eight stops to Quiddestra\u00dfe station and change here to the bus stop. Bus line 197 in the direction of Neuperlach Zentrum will take you to the Hugo-Lang-Bogen bus stop in four stops. From here it is only approx. 170m to the hotel. The total travel time is approx. 40 minutes.    <\/p>\n<p>[\/et_pb_toggle][\/et_pb_column][et_pb_column type=&#8221;1_3&#8243; _builder_version=&#8221;4.17.6&#8243; _module_preset=&#8221;default&#8221; global_colors_info=&#8221;{}&#8221;][et_pb_toggle title=&#8221;Arrival by cab&#8221; open_toggle_text_color=&#8221;#000000&#8243; open_toggle_background_color=&#8221;#FFFFFF&#8221; closed_toggle_background_color=&#8221;#FFFFFF&#8221; icon_color=&#8221;#000000&#8243; toggle_icon=&#8221;&#xe044;||divi||400&#8243; use_icon_font_size=&#8221;on&#8221; icon_font_size=&#8221;26px&#8221; open_icon_color=&#8221;#000000&#8243; open_toggle_icon=&#8221;&#xe043;||divi||400&#8243; open_use_icon_font_size=&#8221;on&#8221; open_icon_font_size=&#8221;26px&#8221; module_id=&#8221;taxi&#8221; _builder_version=&#8221;4.20.2&#8243; _module_preset=&#8221;default&#8221; title_text_color=&#8221;#000000&#8243; title_level=&#8221;h4&#8243; title_font=&#8221;|||on|||||&#8221; title_text_align=&#8221;center&#8221; body_font=&#8221;|300|||||||&#8221; body_text_align=&#8221;center&#8221; body_text_color=&#8221;#000000&#8243; background_color=&#8221;RGBA(255,255,255,0)&#8221; module_alignment=&#8221;center&#8221; custom_margin=&#8221;40px||||false|false&#8221; custom_padding=&#8221;||||false|false&#8221; title_font_size_tablet=&#8221;3vw&#8221; title_font_size_phone=&#8221;4vw&#8221; title_font_size_last_edited=&#8221;off|desktop&#8221; closed_title_font_size_tablet=&#8221;18px&#8221; closed_title_font_size_phone=&#8221;16px&#8221; closed_title_font_size_last_edited=&#8221;off|tablet&#8221; body_font_size_tablet=&#8221;2.5vw&#8221; body_font_size_phone=&#8221;5vw&#8221; body_font_size_last_edited=&#8221;off|desktop&#8221; border_color_all=&#8221;#000000&#8243; locked=&#8221;off&#8221; global_colors_info=&#8221;{}&#8221;]<\/p>\n<p><strong>FROM MUNICH AIRPORT<\/strong><\/p>\n<p>Travel time approx. 50 min.<\/p>\n<p><strong>FROM MUNICH MAIN STATION<\/strong><\/p>\n<p>Travel time approx. 30 min.<\/p>\n<p>[\/et_pb_toggle][\/et_pb_column][\/et_pb_row][\/et_pb_section][et_pb_section fb_built=&#8221;1&#8243; custom_padding_last_edited=&#8221;on|phone&#8221; _builder_version=&#8221;4.20.4&#8243; _module_preset=&#8221;default&#8221; use_background_color_gradient=&#8221;on&#8221; background_color_gradient_direction=&#8221;90deg&#8221; background_color_gradient_stops=&#8221;#ffffff 40%|#f8f8f8 40%&#8221; custom_margin=&#8221;||90px||false|false&#8221; custom_padding_tablet=&#8221;&#8221; custom_padding_phone=&#8221;||0px||false|false&#8221; background_last_edited=&#8221;on|phone&#8221; use_background_color_gradient_tablet=&#8221;on&#8221; use_background_color_gradient_phone=&#8221;on&#8221; background_color_gradient_stops_tablet=&#8221;#f8f8f8 100%|#ffffff 100%&#8221; background_color_gradient_stops_phone=&#8221;#f8f8f8 100%|#ffffff 100%&#8221; locked=&#8221;off&#8221; global_colors_info=&#8221;{}&#8221;][et_pb_row module_id=&#8221;standard&#8221; _builder_version=&#8221;4.20.2&#8243; _module_preset=&#8221;c57cdff0-9cea-414b-adf3-1667625a0ce9&#8243; background_enable_color=&#8221;off&#8221; width=&#8221;90%&#8221; max_width_phone=&#8221;90%&#8221; max_width_last_edited=&#8221;off|tablet&#8221; custom_padding=&#8221;0px||0px||true|false&#8221; global_colors_info=&#8221;{}&#8221;][et_pb_column type=&#8221;4_4&#8243; _builder_version=&#8221;4.18.0&#8243; _module_preset=&#8221;default&#8221; global_colors_info=&#8221;{}&#8221;][dsm_card_carousel slide_to_show=&#8221;1&#8243; speed=&#8221;1000&#8243; autoplay=&#8221;off&#8221; infinite=&#8221;off&#8221; equal_height=&#8221;on&#8221; layout=&#8221;inline&#8221; arrows=&#8221;off&#8221; use_arrow_custom_position=&#8221;on&#8221; arrow_custom_position=&#8221;-90px&#8221; arrow_color=&#8221;#000000&#8243; arrow_background_color=&#8221;#FFFFFF&#8221; dots=&#8221;off&#8221; grab=&#8221;off&#8221; image_width=&#8221;95%&#8221; layout_tablet=&#8221;stacked&#8221; layout_phone=&#8221;stacked&#8221; layout_last_edited=&#8221;on|phone&#8221; arrow_custom_position_tablet=&#8221;-70px&#8221; arrow_custom_position_phone=&#8221;-20px&#8221; arrow_custom_position_last_edited=&#8221;on|tablet&#8221; image_width_tablet=&#8221;100%&#8221; image_width_phone=&#8221;100%&#8221; image_width_last_edited=&#8221;on|phone&#8221; _builder_version=&#8221;4.26.0&#8243; _module_preset=&#8221;default&#8221; header_level=&#8221;h3&#8243; body_font=&#8221;||||||||&#8221; subhead_font=&#8221;||||||||&#8221; background_enable_color=&#8221;off&#8221; button_alignment=&#8221;center&#8221; text_orientation=&#8221;center&#8221; body_font_size_phone=&#8221;1px&#8221; border_radii_arrow=&#8221;on|900px|900px|900px|900px&#8221; border_width_all_arrow=&#8221;1px&#8221; border_color_all_arrow=&#8221;#000000&#8243; global_colors_info=&#8221;{}&#8221; button_text_color__hover=&#8221;#000000&#8243; button_text_color__hover_enabled=&#8221;on|hover&#8221; button_bg_color__hover=&#8221;#FFFFFF&#8221; button_bg_color__hover_enabled=&#8221;on|hover&#8221; button_border_color__hover=&#8221;#000000&#8243; button_border_color__hover_enabled=&#8221;on|desktop&#8221; button_bg_enable_color__hover=&#8221;on&#8221;][dsm_card_carousel_child title=&#8221;In the surrounding area&#8221; image=&#8221;https:\/\/mercuremuenchen.eventhotels.biz\/wp-content\/uploads\/2023\/03\/Siegestor-Muenchen.jpg&#8221; image_as_background=&#8221;off&#8221; alt=&#8221;Location and directions &#8211; The Siegestor&#8221; content_padding=&#8221;|20px|20px|20px|false|false&#8221; button_url_new_window=&#8221;1&#8243; content_padding_tablet=&#8221;40px||||false|false&#8221; content_padding_phone=&#8221;40px||||false|false&#8221; content_padding_last_edited=&#8221;on|tablet&#8221; _builder_version=&#8221;4.26.0&#8243; _module_preset=&#8221;default&#8221; header_level=&#8221;h3&#8243; header_font=&#8221;|500|||||||&#8221; header_text_align=&#8221;left&#8221; header_text_color=&#8221;#000000&#8243; body_text_align=&#8221;center&#8221; body_text_color=&#8221;#000000&#8243; body_ul_type=&#8221;circle&#8221; body_ul_position=&#8221;inside&#8221; body_ul_text_align=&#8221;left&#8221; custom_margin=&#8221;||||false|false&#8221; custom_padding=&#8221;||||false|false&#8221; header_font_size_tablet=&#8221;4vw&#8221; header_font_size_phone=&#8221;6vw&#8221; header_font_size_last_edited=&#8221;off|desktop&#8221; global_colors_info=&#8221;{}&#8221; parent_button=&#8221;off&#8221; parent_header_level=&#8221;h3&#8243;]<\/p>\n<ul>\n<li>Bus stop Hugo-Lang-Bogen 100m<\/li>\n<li>Bus stop Neuperlach-Zentrum 1 km<\/li>\n<li>Neuparlach-Zentrum train station 1 km<\/li>\n<li>Quiddestrasse train station 1.5 km<\/li>\n<li>Munich Perlach highway exit 4km<\/li>\n<li>East station 6 km<\/li>\n<li>Tennis Keferloh 5 km<\/li>\n<li>German Museum 8 km<\/li>\n<li>German Theater 8 km<\/li>\n<li>Philharmonic Hall 8 km<\/li>\n<li>GOP Variete Theater 8 km<\/li>\n<li>Marienplatz 9 km<\/li>\n<li>Lake Feringa 15 km<\/li>\n<li>PEP Restaurant 1 km<\/li>\n<li>Downtown 10 km<\/li>\n<\/ul>\n<p>[\/dsm_card_carousel_child][\/dsm_card_carousel][\/et_pb_column][\/et_pb_row][\/et_pb_section]<\/p>\n","protected":false},"excerpt":{"rendered":"<p>Mercure Hotel M\u00fcnchen S\u00fcd Messe| Karl-Marx-Ring 87 | 81735 Munich, Germany | Calculate route \u2192<div class=\"et_pb_module dsm_breadcrumbs dsm_breadcrumbs_0\">\n\t\t\t\t\n\t\t\t\t\n\t\t\t\t\n\t\t\t\t\n\t\t\t\t\n\t\t\t\t\n\t\t\t\t<div class=\"et_pb_module_inner\">\n\t\t\t\t\t<nav class=\"dsm_breadcrumbs_wrap\">\n\t\t\t\t<ul class=\"dsm_breadcrumbs\" itemscope itemtype=\"https:\/\/schema.org\/BreadcrumbList\">\t\t\t<li class=\"dsm_breadcrumbs_item dsm_home_item dsm_home_item_custom\" itemprop=\"itemListElement\" itemscope\n\t\t\titemtype=\"https:\/\/schema.org\/ListItem\">\n\t\t\t\t<a href=\"https:\/\/mercuremuenchen.eventhotels.biz\/en\/\" itemprop=\"item\" target=\"\">\n\t\t\t\t\t<span class='dsm_home_text_wrapper'>\n\t\t\t\t\t\t\t\t\t\t\t\t\t<span class=\"et-pb-icon dsm_home_icon\">&#xe0e3;<\/span>\n\t\t\t\t\t\t\t\t\t\t\t\t\t<span class=\"dsm_home_text\" itemprop=\"name\">\n\t\t\t\t\t\t\t\tHome\t\t\t\t\t\t\t<\/span>\n\t\t\t\t\t<\/span>\n\t\t\t\t<\/a>\n\t\t\t\t<meta itemprop=\"position\" content=\"1\" \/>\n\t\t\t<\/li>\n\n\t\t<li class=\"dsm_breadcrumbs_separator\"> <span class=\"et-pb-icon dsm_separator_icon\">5<\/span><\/li><\/ul>\n\t\t\t<\/nav>\n\t\t\t\t<\/div>\n\t\t\t<\/div>Top location and easy access in the center of Munichexclusive location &amp; approachThe Mercure Hotel M\u00fcnchen S\u00fcd Messe is located on the south-eastern outskirts of the Bavarian capital of Munich, close to the Munich Trade Fair and the headquarters of numerous large companies. The hotel is surrounded by generously planned, urban residential and office buildings, fields and forest. The hotel with its prime location near the Munich Trade Fair is easily accessible via the A8 highway. Munich Airport MUC is approx. 50 minutes away by cab, Munich Central Station is approx. 30 minutes away and Munich city center can be reached by car in approx. 20 minutes. Public transport connects the hotel directly with Munich city center via the &#8220;Hugo-Lang-Bogen&#8221; bus stop, which is approx. 200 m away, and the &#8220;Quiddestra\u00dfe&#8221; subway station, which is approx. 1.5 km away. Parking: Underground parking garage Mercure Hotel M\u00fcnchen S\u00fcd MesseDirections: Karl-Marx-Ring 87, 81735 M\u00fcnchenPrices: 20\u20ac per night FROM ALL DIRECTIONS Leave the A8 at junction 92a M\u00fcnchen-Perlach [&hellip;]<\/p>\n","protected":false},"author":1,"featured_media":229311,"parent":0,"menu_order":0,"comment_status":"closed","ping_status":"closed","template":"","meta":{"_et_pb_use_builder":"on","_et_pb_old_content":"","_et_gb_content_width":"","footnotes":""},"difl_page_category":[],"class_list":["post-229310","page","type-page","status-publish","has-post-thumbnail","hentry"],"_links":{"self":[{"href":"https:\/\/mercuremuenchen.eventhotels.biz\/en\/wp-json\/wp\/v2\/pages\/229310","targetHints":{"allow":["GET"]}}],"collection":[{"href":"https:\/\/mercuremuenchen.eventhotels.biz\/en\/wp-json\/wp\/v2\/pages"}],"about":[{"href":"https:\/\/mercuremuenchen.eventhotels.biz\/en\/wp-json\/wp\/v2\/types\/page"}],"author":[{"embeddable":true,"href":"https:\/\/mercuremuenchen.eventhotels.biz\/en\/wp-json\/wp\/v2\/users\/1"}],"replies":[{"embeddable":true,"href":"https:\/\/mercuremuenchen.eventhotels.biz\/en\/wp-json\/wp\/v2\/comments?post=229310"}],"version-history":[{"count":1,"href":"https:\/\/mercuremuenchen.eventhotels.biz\/en\/wp-json\/wp\/v2\/pages\/229310\/revisions"}],"predecessor-version":[{"id":229314,"href":"https:\/\/mercuremuenchen.eventhotels.biz\/en\/wp-json\/wp\/v2\/pages\/229310\/revisions\/229314"}],"wp:featuredmedia":[{"embeddable":true,"href":"https:\/\/mercuremuenchen.eventhotels.biz\/en\/wp-json\/wp\/v2\/media\/229311"}],"wp:attachment":[{"href":"https:\/\/mercuremuenchen.eventhotels.biz\/en\/wp-json\/wp\/v2\/media?parent=229310"}],"wp:term":[{"taxonomy":"difl_page_category","embeddable":true,"href":"https:\/\/mercuremuenchen.eventhotels.biz\/en\/wp-json\/wp\/v2\/difl_page_category?post=229310"}],"curies":[{"name":"wp","href":"https:\/\/api.w.org\/{rel}","templated":true}]}}