{"id":229446,"date":"2025-09-29T11:13:59","date_gmt":"2025-09-29T09:13:59","guid":{"rendered":"https:\/\/www.mercure-hotel-muenchen-sued-messe.de\/bewertungen\/"},"modified":"2025-10-02T11:04:27","modified_gmt":"2025-10-02T09:04:27","slug":"bewertungen","status":"publish","type":"page","link":"https:\/\/mercuremuenchen.eventhotels.biz\/en\/bewertungen\/","title":{"rendered":"Reviews"},"content":{"rendered":"<p>[et_pb_section fb_built=&#8221;1&#8243; custom_padding_last_edited=&#8221;on|phone&#8221; _builder_version=&#8221;4.27.0&#8243; _module_preset=&#8221;default&#8221; background_image=&#8221;https:\/\/mercuremuenchen.eventhotels.biz\/wp-content\/uploads\/2024\/09\/kinderherz.jpg&#8221; custom_margin=&#8221;|40px||40px|false|true&#8221; custom_margin_tablet=&#8221;|40px||40px|false|true&#8221; custom_margin_phone=&#8221;|0px||0px|false|true&#8221; custom_margin_last_edited=&#8221;on|phone&#8221; custom_padding=&#8221;400px||300px||false|false&#8221; custom_padding_tablet=&#8221;300px||300px||false|false&#8221; custom_padding_phone=&#8221;300px||250px||false|false&#8221; locked=&#8221;off&#8221; global_colors_info=&#8221;{}&#8221;][\/et_pb_section][et_pb_section fb_built=&#8221;1&#8243; custom_padding_last_edited=&#8221;on|phone&#8221; _builder_version=&#8221;4.20.2&#8243; _module_preset=&#8221;default&#8221; custom_padding=&#8221;||||false|false&#8221; custom_padding_tablet=&#8221;||||false|false&#8221; custom_padding_phone=&#8221;||0px||false|false&#8221; locked=&#8221;off&#8221; global_colors_info=&#8221;{}&#8221;][et_pb_row _builder_version=&#8221;4.20.2&#8243; _module_preset=&#8221;c57cdff0-9cea-414b-adf3-1667625a0ce9&#8243; width=&#8221;90%&#8221; locked=&#8221;off&#8221; global_colors_info=&#8221;{}&#8221;][et_pb_column type=&#8221;4_4&#8243; _builder_version=&#8221;4.17.6&#8243; _module_preset=&#8221;default&#8221; global_colors_info=&#8221;{}&#8221;][et_pb_code _builder_version=&#8221;4.27.4&#8243; _module_preset=&#8221;default&#8221; text_orientation=&#8221;center&#8221; global_colors_info=&#8221;{}&#8221;]<nav aria-label=\"breadcrumbs\" class=\"rank-math-breadcrumb\"><p><span class=\"last\">Home<\/span><\/p><\/nav>[\/et_pb_code][et_pb_text content_last_edited=&#8221;off|desktop&#8221; admin_label=&#8221;h1&#8243; _builder_version=&#8221;4.27.4&#8243; _module_preset=&#8221;default&#8221; text_font=&#8221;||||||||&#8221; header_text_align=&#8221;center&#8221; header_2_font=&#8221;||||||||&#8221; header_2_text_align=&#8221;center&#8221; custom_margin=&#8221;||5px||false|false&#8221; custom_padding=&#8221;||||false|false&#8221; custom_padding_tablet=&#8221;&#8221; custom_padding_phone=&#8221;5px||||false|false&#8221; custom_padding_last_edited=&#8221;on|phone&#8221; header_font_size_tablet=&#8221;6vw&#8221; header_font_size_phone=&#8221;7vw&#8221; header_font_size_last_edited=&#8221;off|desktop&#8221; header_2_font_size_tablet=&#8221;3vw&#8221; header_2_font_size_phone=&#8221;6vw&#8221; header_2_font_size_last_edited=&#8221;off|desktop&#8221; global_colors_info=&#8221;{}&#8221;]<\/p>\n<h1>Reviews Mercure Hotel M\u00fcnchen S\u00fcd Messe<\/h1>\n<p>[\/et_pb_text][\/et_pb_column][\/et_pb_row][et_pb_row make_equal=&#8221;on&#8221; _builder_version=&#8221;4.27.4&#8243; _module_preset=&#8221;c57cdff0-9cea-414b-adf3-1667625a0ce9&#8243; background_enable_color=&#8221;off&#8221; locked=&#8221;off&#8221; global_colors_info=&#8221;{}&#8221;][et_pb_column type=&#8221;4_4&#8243; _builder_version=&#8221;4.17.6&#8243; _module_preset=&#8221;default&#8221; global_colors_info=&#8221;{}&#8221;][et_pb_text admin_label=&#8221;h2&#8243; _builder_version=&#8221;4.27.4&#8243; _module_preset=&#8221;default&#8221; text_font=&#8221;|300|||||||&#8221; text_text_color=&#8221;#000000&#8243; header_font=&#8221;|200|||||||&#8221; header_text_align=&#8221;center&#8221; header_font_size=&#8221;3vw&#8221; header_line_height=&#8221;1.1em&#8221; header_2_font=&#8221;Jost||||||||&#8221; header_2_text_align=&#8221;center&#8221; header_2_font_size=&#8221;2vw&#8221; header_2_line_height=&#8221;1.1em&#8221; text_orientation=&#8221;center&#8221; width=&#8221;80%&#8221; width_tablet=&#8221;80%&#8221; width_phone=&#8221;100%&#8221; width_last_edited=&#8221;on|phone&#8221; module_alignment=&#8221;center&#8221; custom_padding=&#8221;50px||||false|false&#8221; custom_padding_tablet=&#8221;50px||||false|false&#8221; custom_padding_phone=&#8221;15px|0px||0px|false|true&#8221; custom_padding_last_edited=&#8221;on|phone&#8221; border_color_left=&#8221;#545454&#8243; global_colors_info=&#8221;{}&#8221;]<\/p>\n<h2>Find out how the Mercure Hotel M\u00fcnchen S\u00fcd Messe is rated<\/h2>\n<p>[\/et_pb_text][et_pb_text _builder_version=&#8221;4.27.4&#8243; _module_preset=&#8221;default&#8221; text_font=&#8221;|300|||||||&#8221; text_text_color=&#8221;#000000&#8243; header_font=&#8221;|200|||||||&#8221; header_text_align=&#8221;center&#8221; header_font_size=&#8221;3vw&#8221; header_line_height=&#8221;1.1em&#8221; header_2_font=&#8221;Jost||||||||&#8221; header_2_text_align=&#8221;center&#8221; header_2_font_size=&#8221;2vw&#8221; header_2_line_height=&#8221;1.1em&#8221; text_orientation=&#8221;center&#8221; width=&#8221;80%&#8221; width_tablet=&#8221;80%&#8221; width_phone=&#8221;100%&#8221; width_last_edited=&#8221;on|phone&#8221; module_alignment=&#8221;center&#8221; custom_padding=&#8221;50px||||false|false&#8221; custom_padding_tablet=&#8221;50px||||false|false&#8221; custom_padding_phone=&#8221;15px|0px||0px|false|true&#8221; custom_padding_last_edited=&#8221;on|phone&#8221; hover_enabled=&#8221;0&#8243; border_color_left=&#8221;#545454&#8243; global_colors_info=&#8221;{}&#8221; sticky_enabled=&#8221;0&#8243;]<\/p>\n<p>The Mercure Hotel M\u00fcnchen S\u00fcd Messe is rated positively in many well-known review portals.The following overview presents a semantic analysis based on data from various platforms over the past 24 months:<\/p>\n<p>[\/et_pb_text][et_pb_code _builder_version=&#8221;4.27.4&#8243; _module_preset=&#8221;default&#8221; width=&#8221;100%&#8221; global_colors_info=&#8221;{}&#8221;]<!-- TrustYou Widget --><!-- [et_pb_line_break_holder] --><script src=\"https:\/\/api.trustyou.com\/static\/3rdparty\/iframe-resizer\/js\/iframeResizer.min.js\"><\/script><!-- [et_pb_line_break_holder] --><iframe style=\"border:0;width:100%;height:1350px;\" src=\"https:\/\/api.trustyou.com\/hotels\/7938b17c-8a49-4a81-a943-d9b8d9b29bb4\/tops_flops.html?key=a0993ac2-96c2-4ac9-8e32-5b30b0117bc4&#038;iframe_resizer=true&#038;lang=en\"><\/iframe><!-- [et_pb_line_break_holder] --><!-- TrustYou Widget -->[\/et_pb_code][et_pb_text _builder_version=&#8221;4.27.4&#8243; _module_preset=&#8221;default&#8221; text_font=&#8221;|300|||||||&#8221; text_text_color=&#8221;#000000&#8243; header_font=&#8221;|200|||||||&#8221; header_text_align=&#8221;center&#8221; header_font_size=&#8221;3vw&#8221; header_line_height=&#8221;1.1em&#8221; header_2_font=&#8221;Jost||||||||&#8221; header_2_text_align=&#8221;center&#8221; header_2_font_size=&#8221;2vw&#8221; header_2_line_height=&#8221;1.1em&#8221; text_orientation=&#8221;center&#8221; width=&#8221;80%&#8221; width_tablet=&#8221;80%&#8221; width_phone=&#8221;100%&#8221; width_last_edited=&#8221;on|phone&#8221; module_alignment=&#8221;center&#8221; custom_padding=&#8221;50px||||false|false&#8221; custom_padding_tablet=&#8221;50px||||false|false&#8221; custom_padding_phone=&#8221;15px|0px||0px|false|true&#8221; custom_padding_last_edited=&#8221;on|phone&#8221; border_color_left=&#8221;#545454&#8243; global_colors_info=&#8221;{}&#8221;]<\/p>\n<p>The opinion of our guests is very important to us and we take reviews and transparency very seriously &#8211; we have published further information on this and the authenticity of the reviews at <a href=\"https:\/\/www.eventhotels.com\/umgang-mit-gaestebewertungen\/\" target=\"_blank\" rel=\"noopener\">To the website \u2192<\/a>.<\/p>\n<p>[\/et_pb_text][\/et_pb_column][\/et_pb_row][et_pb_row _builder_version=&#8221;4.27.4&#8243; _module_preset=&#8221;default&#8221; global_colors_info=&#8221;{}&#8221;][et_pb_column type=&#8221;4_4&#8243; _builder_version=&#8221;4.27.4&#8243; _module_preset=&#8221;default&#8221; global_colors_info=&#8221;{}&#8221;][\/et_pb_column][\/et_pb_row][et_pb_row disabled_on=&#8221;on|on|on&#8221; module_id=&#8221;neuste_gaestebewertungen&#8221; _builder_version=&#8221;4.18.0&#8243; _module_preset=&#8221;1f4afd99-6e71-4c03-ab42-f479e486bc3c&#8221; disabled=&#8221;on&#8221; global_colors_info=&#8221;{}&#8221;][et_pb_column type=&#8221;4_4&#8243; _builder_version=&#8221;4.18.0&#8243; _module_preset=&#8221;default&#8221; global_colors_info=&#8221;{}&#8221;][et_pb_text admin_label=&#8221;h2&#8243; _builder_version=&#8221;4.27.4&#8243; _module_preset=&#8221;default&#8221; header_2_text_align=&#8221;center&#8221; text_orientation=&#8221;center&#8221; global_colors_info=&#8221;{}&#8221;]<\/p>\n<h2>Latest guest reviews<\/h2>\n<p>[\/et_pb_text][\/et_pb_column][\/et_pb_row][\/et_pb_section]<\/p>\n","protected":false},"excerpt":{"rendered":"<p><nav aria-label=\"breadcrumbs\" class=\"rank-math-breadcrumb\"><p><span class=\"last\">Home<\/span><\/p><\/nav>Reviews Mercure Hotel M\u00fcnchen S\u00fcd MesseFind out how the Mercure Hotel M\u00fcnchen S\u00fcd Messe is ratedThe Mercure Hotel M\u00fcnchen S\u00fcd Messe is rated positively in many well-known review portals.The following overview presents a semantic analysis based on data from various platforms over the past 24 months:The opinion of our guests is very important to us and we take reviews and transparency very seriously &#8211; we have published further information on this and the authenticity of the reviews at To the website \u2192.Latest guest reviews<\/p>\n","protected":false},"author":1,"featured_media":229450,"parent":0,"menu_order":0,"comment_status":"closed","ping_status":"closed","template":"","meta":{"_et_pb_use_builder":"on","_et_pb_old_content":"","_et_gb_content_width":"","footnotes":""},"difl_page_category":[],"class_list":["post-229446","page","type-page","status-publish","has-post-thumbnail","hentry"],"_links":{"self":[{"href":"https:\/\/mercuremuenchen.eventhotels.biz\/en\/wp-json\/wp\/v2\/pages\/229446","targetHints":{"allow":["GET"]}}],"collection":[{"href":"https:\/\/mercuremuenchen.eventhotels.biz\/en\/wp-json\/wp\/v2\/pages"}],"about":[{"href":"https:\/\/mercuremuenchen.eventhotels.biz\/en\/wp-json\/wp\/v2\/types\/page"}],"author":[{"embeddable":true,"href":"https:\/\/mercuremuenchen.eventhotels.biz\/en\/wp-json\/wp\/v2\/users\/1"}],"replies":[{"embeddable":true,"href":"https:\/\/mercuremuenchen.eventhotels.biz\/en\/wp-json\/wp\/v2\/comments?post=229446"}],"version-history":[{"count":12,"href":"https:\/\/mercuremuenchen.eventhotels.biz\/en\/wp-json\/wp\/v2\/pages\/229446\/revisions"}],"predecessor-version":[{"id":229467,"href":"https:\/\/mercuremuenchen.eventhotels.biz\/en\/wp-json\/wp\/v2\/pages\/229446\/revisions\/229467"}],"wp:featuredmedia":[{"embeddable":true,"href":"https:\/\/mercuremuenchen.eventhotels.biz\/en\/wp-json\/wp\/v2\/media\/229450"}],"wp:attachment":[{"href":"https:\/\/mercuremuenchen.eventhotels.biz\/en\/wp-json\/wp\/v2\/media?parent=229446"}],"wp:term":[{"taxonomy":"difl_page_category","embeddable":true,"href":"https:\/\/mercuremuenchen.eventhotels.biz\/en\/wp-json\/wp\/v2\/difl_page_category?post=229446"}],"curies":[{"name":"wp","href":"https:\/\/api.w.org\/{rel}","templated":true}]}}